{"id":5588,"date":"2025-07-07T11:42:28","date_gmt":"2025-07-07T11:42:28","guid":{"rendered":"https:\/\/canbargallo.com\/producto\/desitjos\/"},"modified":"2025-09-01T11:14:01","modified_gmt":"2025-09-01T11:14:01","slug":"desitjos","status":"publish","type":"product","link":"https:\/\/canbargallo.com\/es\/producto\/desitjos\/","title":{"rendered":"Desitjos"},"content":{"rendered":"","protected":false},"excerpt":{"rendered":"<p>Nuestros \u00abDesitjos\u00bb son peque\u00f1os dulces crujientes por fuera y ligeros por dentro, elaborados con clara de huevo y az\u00facar seg\u00fan la receta tradicional. Un bocado delicado y dulce que se deshace en la boca, ideal para acompa\u00f1ar el caf\u00e9, hacer un regalo especial o simplemente darte un capricho. Aut\u00e9nticos sabores de antes, hechos como siempre.<\/p>\n<p class=\"avis-recollida-botiga\">Todav\u00eda hacemos las cosas como antes: <strong>Recoge tu pedido directamente en la tienda<\/strong>.<\/p>\n","protected":false},"featured_media":5589,"comment_status":"closed","ping_status":"closed","template":"","meta":[],"product_brand":[],"product_cat":[97],"product_tag":[],"class_list":{"0":"post-5588","1":"product","2":"type-product","3":"status-publish","4":"has-post-thumbnail","6":"product_cat-sin-categoria","7":"entry","8":"has-media","10":"first","11":"instock","12":"shipping-taxable","13":"purchasable","14":"product-type-simple"},"yoast_head":"<!-- This site is optimized with the Yoast SEO plugin v25.6 - https:\/\/yoast.com\/wordpress\/plugins\/seo\/ -->\n<title>Desitjos - Can Bargall\u00f3<\/title>\n<meta name=\"robots\" content=\"index, follow, max-snippet:-1, max-image-preview:large, max-video-preview:-1\" \/>\n<link rel=\"canonical\" href=\"https:\/\/canbargallo.com\/es\/producto\/desitjos\/\" \/>\n<meta property=\"og:locale\" content=\"es_ES\" \/>\n<meta property=\"og:type\" content=\"article\" \/>\n<meta property=\"og:title\" content=\"Desitjos - Can Bargall\u00f3\" \/>\n<meta property=\"og:description\" content=\"Nuestros &quot;Desitjos&quot; son peque\u00f1os dulces crujientes por fuera y ligeros por dentro, elaborados con clara de huevo y az\u00facar seg\u00fan la receta tradicional. Un bocado delicado y dulce que se deshace en la boca, ideal para acompa\u00f1ar el caf\u00e9, hacer un regalo especial o simplemente darte un capricho. Aut\u00e9nticos sabores de antes, hechos como siempre.  Todav\u00eda hacemos las cosas como antes: Recoge tu pedido directamente en la tienda.\" \/>\n<meta property=\"og:url\" content=\"https:\/\/canbargallo.com\/es\/producto\/desitjos\/\" \/>\n<meta property=\"og:site_name\" content=\"Can Bargall\u00f3\" \/>\n<meta property=\"article:modified_time\" content=\"2025-09-01T11:14:01+00:00\" \/>\n<meta property=\"og:image\" content=\"https:\/\/canbargallo.com\/wp-content\/uploads\/2025\/07\/img-productes-2.jpg\" \/>\n\t<meta property=\"og:image:width\" content=\"1000\" \/>\n\t<meta property=\"og:image:height\" content=\"800\" \/>\n\t<meta property=\"og:image:type\" content=\"image\/jpeg\" \/>\n<meta name=\"twitter:card\" content=\"summary_large_image\" \/>\n<meta name=\"twitter:label1\" content=\"Tiempo de lectura\" \/>\n\t<meta name=\"twitter:data1\" content=\"1 minuto\" \/>\n<script type=\"application\/ld+json\" class=\"yoast-schema-graph\">{\"@context\":\"https:\/\/schema.org\",\"@graph\":[{\"@type\":\"WebPage\",\"@id\":\"https:\/\/canbargallo.com\/es\/producto\/desitjos\/\",\"url\":\"https:\/\/canbargallo.com\/es\/producto\/desitjos\/\",\"name\":\"Desitjos - Can Bargall\u00f3\",\"isPartOf\":{\"@id\":\"https:\/\/canbargallo.com\/#website\"},\"primaryImageOfPage\":{\"@id\":\"https:\/\/canbargallo.com\/es\/producto\/desitjos\/#primaryimage\"},\"image\":{\"@id\":\"https:\/\/canbargallo.com\/es\/producto\/desitjos\/#primaryimage\"},\"thumbnailUrl\":\"https:\/\/canbargallo.com\/wp-content\/uploads\/2025\/07\/img-productes-2.jpg\",\"datePublished\":\"2025-07-07T11:42:28+00:00\",\"dateModified\":\"2025-09-01T11:14:01+00:00\",\"breadcrumb\":{\"@id\":\"https:\/\/canbargallo.com\/es\/producto\/desitjos\/#breadcrumb\"},\"inLanguage\":\"es\",\"potentialAction\":[{\"@type\":\"ReadAction\",\"target\":[\"https:\/\/canbargallo.com\/es\/producto\/desitjos\/\"]}]},{\"@type\":\"ImageObject\",\"inLanguage\":\"es\",\"@id\":\"https:\/\/canbargallo.com\/es\/producto\/desitjos\/#primaryimage\",\"url\":\"https:\/\/canbargallo.com\/wp-content\/uploads\/2025\/07\/img-productes-2.jpg\",\"contentUrl\":\"https:\/\/canbargallo.com\/wp-content\/uploads\/2025\/07\/img-productes-2.jpg\",\"width\":1000,\"height\":800,\"caption\":\"Can Bargall\u00f3 - Les millors magdalenes de Barcelona\"},{\"@type\":\"BreadcrumbList\",\"@id\":\"https:\/\/canbargallo.com\/es\/producto\/desitjos\/#breadcrumb\",\"itemListElement\":[{\"@type\":\"ListItem\",\"position\":1,\"name\":\"Home\",\"item\":\"https:\/\/canbargallo.com\/es\/home-2\/\"},{\"@type\":\"ListItem\",\"position\":2,\"name\":\"Productos\",\"item\":\"https:\/\/canbargallo.com\/es\/productos\/\"},{\"@type\":\"ListItem\",\"position\":3,\"name\":\"Desitjos\"}]},{\"@type\":\"WebSite\",\"@id\":\"https:\/\/canbargallo.com\/#website\",\"url\":\"https:\/\/canbargallo.com\/\",\"name\":\"Can Bargall\u00f3\",\"description\":\"Les millors magdalenes de Barcelona\",\"potentialAction\":[{\"@type\":\"SearchAction\",\"target\":{\"@type\":\"EntryPoint\",\"urlTemplate\":\"https:\/\/canbargallo.com\/?s={search_term_string}\"},\"query-input\":{\"@type\":\"PropertyValueSpecification\",\"valueRequired\":true,\"valueName\":\"search_term_string\"}}],\"inLanguage\":\"es\"}]}<\/script>\n<!-- \/ Yoast SEO plugin. -->","yoast_head_json":{"title":"Desitjos - Can Bargall\u00f3","robots":{"index":"index","follow":"follow","max-snippet":"max-snippet:-1","max-image-preview":"max-image-preview:large","max-video-preview":"max-video-preview:-1"},"canonical":"https:\/\/canbargallo.com\/es\/producto\/desitjos\/","og_locale":"es_ES","og_type":"article","og_title":"Desitjos - Can Bargall\u00f3","og_description":"Nuestros \"Desitjos\" son peque\u00f1os dulces crujientes por fuera y ligeros por dentro, elaborados con clara de huevo y az\u00facar seg\u00fan la receta tradicional. Un bocado delicado y dulce que se deshace en la boca, ideal para acompa\u00f1ar el caf\u00e9, hacer un regalo especial o simplemente darte un capricho. Aut\u00e9nticos sabores de antes, hechos como siempre.  Todav\u00eda hacemos las cosas como antes: Recoge tu pedido directamente en la tienda.","og_url":"https:\/\/canbargallo.com\/es\/producto\/desitjos\/","og_site_name":"Can Bargall\u00f3","article_modified_time":"2025-09-01T11:14:01+00:00","og_image":[{"width":1000,"height":800,"url":"https:\/\/canbargallo.com\/wp-content\/uploads\/2025\/07\/img-productes-2.jpg","type":"image\/jpeg"}],"twitter_card":"summary_large_image","twitter_misc":{"Tiempo de lectura":"1 minuto"},"schema":{"@context":"https:\/\/schema.org","@graph":[{"@type":"WebPage","@id":"https:\/\/canbargallo.com\/es\/producto\/desitjos\/","url":"https:\/\/canbargallo.com\/es\/producto\/desitjos\/","name":"Desitjos - Can Bargall\u00f3","isPartOf":{"@id":"https:\/\/canbargallo.com\/#website"},"primaryImageOfPage":{"@id":"https:\/\/canbargallo.com\/es\/producto\/desitjos\/#primaryimage"},"image":{"@id":"https:\/\/canbargallo.com\/es\/producto\/desitjos\/#primaryimage"},"thumbnailUrl":"https:\/\/canbargallo.com\/wp-content\/uploads\/2025\/07\/img-productes-2.jpg","datePublished":"2025-07-07T11:42:28+00:00","dateModified":"2025-09-01T11:14:01+00:00","breadcrumb":{"@id":"https:\/\/canbargallo.com\/es\/producto\/desitjos\/#breadcrumb"},"inLanguage":"es","potentialAction":[{"@type":"ReadAction","target":["https:\/\/canbargallo.com\/es\/producto\/desitjos\/"]}]},{"@type":"ImageObject","inLanguage":"es","@id":"https:\/\/canbargallo.com\/es\/producto\/desitjos\/#primaryimage","url":"https:\/\/canbargallo.com\/wp-content\/uploads\/2025\/07\/img-productes-2.jpg","contentUrl":"https:\/\/canbargallo.com\/wp-content\/uploads\/2025\/07\/img-productes-2.jpg","width":1000,"height":800,"caption":"Can Bargall\u00f3 - Les millors magdalenes de Barcelona"},{"@type":"BreadcrumbList","@id":"https:\/\/canbargallo.com\/es\/producto\/desitjos\/#breadcrumb","itemListElement":[{"@type":"ListItem","position":1,"name":"Home","item":"https:\/\/canbargallo.com\/es\/home-2\/"},{"@type":"ListItem","position":2,"name":"Productos","item":"https:\/\/canbargallo.com\/es\/productos\/"},{"@type":"ListItem","position":3,"name":"Desitjos"}]},{"@type":"WebSite","@id":"https:\/\/canbargallo.com\/#website","url":"https:\/\/canbargallo.com\/","name":"Can Bargall\u00f3","description":"Les millors magdalenes de Barcelona","potentialAction":[{"@type":"SearchAction","target":{"@type":"EntryPoint","urlTemplate":"https:\/\/canbargallo.com\/?s={search_term_string}"},"query-input":{"@type":"PropertyValueSpecification","valueRequired":true,"valueName":"search_term_string"}}],"inLanguage":"es"}]}},"_links":{"self":[{"href":"https:\/\/canbargallo.com\/es\/wp-json\/wp\/v2\/product\/5588","targetHints":{"allow":["GET"]}}],"collection":[{"href":"https:\/\/canbargallo.com\/es\/wp-json\/wp\/v2\/product"}],"about":[{"href":"https:\/\/canbargallo.com\/es\/wp-json\/wp\/v2\/types\/product"}],"replies":[{"embeddable":true,"href":"https:\/\/canbargallo.com\/es\/wp-json\/wp\/v2\/comments?post=5588"}],"wp:featuredmedia":[{"embeddable":true,"href":"https:\/\/canbargallo.com\/es\/wp-json\/wp\/v2\/media\/5589"}],"wp:attachment":[{"href":"https:\/\/canbargallo.com\/es\/wp-json\/wp\/v2\/media?parent=5588"}],"wp:term":[{"taxonomy":"product_brand","embeddable":true,"href":"https:\/\/canbargallo.com\/es\/wp-json\/wp\/v2\/product_brand?post=5588"},{"taxonomy":"product_cat","embeddable":true,"href":"https:\/\/canbargallo.com\/es\/wp-json\/wp\/v2\/product_cat?post=5588"},{"taxonomy":"product_tag","embeddable":true,"href":"https:\/\/canbargallo.com\/es\/wp-json\/wp\/v2\/product_tag?post=5588"}],"curies":[{"name":"wp","href":"https:\/\/api.w.org\/{rel}","templated":true}]}}