{"id":5542,"date":"2025-07-07T10:32:39","date_gmt":"2025-07-07T10:32:39","guid":{"rendered":"https:\/\/canbargallo.com\/historia\/"},"modified":"2025-09-01T10:24:28","modified_gmt":"2025-09-01T10:24:28","slug":"historia","status":"publish","type":"page","link":"https:\/\/canbargallo.com\/es\/historia\/","title":{"rendered":"Historia"},"content":{"rendered":"<div class=\"wpb-content-wrapper\">[vc_section full_width=\u00bbstretch_row\u00bb css=\u00bb.vc_custom_1752569883139{padding-top: 80px !important;padding-bottom: 80px !important;}\u00bb][vc_row column_spacing=\u00bb0px\u00bb gap=\u00bb35&#8243; remove_bottom_col_margin=\u00bbtrue\u00bb css=\u00bb.vc_custom_1752570670693{padding-bottom: 30px !important;}\u00bb][vc_column]<style>.vcex-image.vcex_69e00f2052a09 .vcex-image-inner{max-width:800px;}<\/style><figure class=\"vcex-image vcex-module wpex-text-center vcex_69e00f2052a09\"><div class=\"vcex-image-inner wpex-relative wpex-inline-block\"><img width=\"1970\" height=\"125\" src=\"https:\/\/canbargallo.com\/wp-content\/uploads\/2025\/07\/titol-historia-pagina.png\" class=\"vcex-image-img wpex-align-middle\" alt=\"Les millors magdalenes de Barcelona\" loading=\"lazy\" decoding=\"async\" srcset=\"https:\/\/canbargallo.com\/wp-content\/uploads\/2025\/07\/titol-historia-pagina.png 1970w, https:\/\/canbargallo.com\/wp-content\/uploads\/2025\/07\/titol-historia-pagina-300x19.png 300w, https:\/\/canbargallo.com\/wp-content\/uploads\/2025\/07\/titol-historia-pagina-1024x65.png 1024w, https:\/\/canbargallo.com\/wp-content\/uploads\/2025\/07\/titol-historia-pagina-768x49.png 768w, https:\/\/canbargallo.com\/wp-content\/uploads\/2025\/07\/titol-historia-pagina-1536x97.png 1536w, https:\/\/canbargallo.com\/wp-content\/uploads\/2025\/07\/titol-historia-pagina-600x38.png 600w\" sizes=\"auto, (max-width: 1970px) 100vw, 1970px\" \/><\/div><\/figure><style>.vcex-heading.vcex_69e00f2056575{font-size:30px;}<\/style><h2 class=\"vcex-heading vcex-heading-plain vcex-module wpex-heading wpex-text-2xl wpex-mt-20 wpex-mb-15 wpex-text-center vcex_69e00f2056575\"><span class=\"vcex-heading-inner wpex-inline-block\">Tradici\u00f3n, calidad y evoluci\u00f3n constante.<\/span><\/h2>[vc_column_text css=\u00bb\u00bb text_align=\u00bbcenter\u00bb font_size=\u00bb17px\u00bb]<span style=\"font-weight: 400;\">El 4 de noviembre de 2012 abrimos las puertas de <\/span><b>Can Bargall\u00f3<\/b><span style=\"font-weight: 400;\">, con una propuesta sencilla basada en productos b\u00e1sicos de panader\u00eda y pasteler\u00eda. Con los a\u00f1os, gracias a la escucha activa de nuestros clientes y a la experiencia acumulada, fuimos adaptando la oferta a sus preferencias. La llegada de un nuevo pastelero marc\u00f3 un punto de inflexi\u00f3n: empezamos a innovar con recetas propias y a crear elaboraciones m\u00e1s personalizadas. Hoy en d\u00eda, cada jornada lleva novedades a nuestro azulejo.<\/span><\/p>\n<p><span style=\"font-weight: 400;\">Trabajamos siempre con <\/span><b>materias primas de proximidad y de m\u00e1xima calidad<\/b><span style=\"font-weight: 400;\">, porque creemos que el buen producto empieza por los buenos ingredientes. Nuestra manera de hacer se basa en la tradici\u00f3n, el respeto por el producto y el aprendizaje constante.<\/span>[\/vc_column_text][\/vc_column][\/vc_row][vc_row full_width=\u00bbstretch_row_content\u00bb remove_bottom_col_margin=\u00bbtrue\u00bb][vc_column parallax=\u00bbcontent-moving\u00bb parallax_image=\u00bb5410&#8243; min_height=\u00bb550px\u00bb][\/vc_column][\/vc_row][\/vc_section][vc_section full_width=\u00bbstretch_row_content\u00bb css=\u00bb.vc_custom_1752571430926{padding-bottom: 80px !important;}\u00bb][vc_row remove_bottom_col_margin=\u00bbtrue\u00bb][vc_column]<style>.vcex-heading.vcex_69e00f20578c6{font-size:36px;}<\/style><h3 class=\"vcex-heading vcex-heading-plain vcex-module wpex-heading wpex-text-2xl wpex-mb-25 wpex-text-center vcex_69e00f20578c6\"><span class=\"vcex-heading-inner wpex-inline-block\">Pasi\u00f3n por el mundo del horno<\/span><\/h3>[\/vc_column][\/vc_row][vc_row content_placement=\u00bbmiddle\u00bb equal_height=\u00bbyes\u00bb remove_bottom_col_margin=\u00bbtrue\u00bb max_width_custom=\u00bb1400px\u00bb][vc_column width=\u00bb1\/2&#8243; el_class=\u00bbbg-historia\u00bb][vc_column_text css=\u00bb\u00bb text_align=\u00bbleft\u00bb font_size=\u00bb16px\u00bb color=\u00bbpalette-4629&#8243;]<span style=\"font-weight: 400;\">La pasi\u00f3n por el mundo del horno forma parte de mi ADN. Vengo de una <\/span><b>familia de panaderos<\/b><span style=\"font-weight: 400;\">, donde mi abuelo, mi padre y mis tres hermanos tambi\u00e9n se han dedicado. Personalmente, oporto <\/span><b>42 a\u00f1os trabajando como panadero<\/b><span style=\"font-weight: 400;\">, una trayectoria de vida llena de experiencias, retos y aprendizajes que cada d\u00eda intento aplicar a Can Bargall\u00f3.<\/span>[\/vc_column_text][\/vc_column][vc_column parallax=\u00bbcontent-moving\u00bb parallax_image=\u00bb5421&#8243; width=\u00bb1\/2&#8243; min_height=\u00bb450px\u00bb][\/vc_column][\/vc_row][vc_row content_placement=\u00bbmiddle\u00bb equal_height=\u00bbyes\u00bb remove_bottom_col_margin=\u00bbtrue\u00bb columns_right=\u00bbyes\u00bb max_width_custom=\u00bb1400px\u00bb][vc_column width=\u00bb1\/2&#8243; el_class=\u00bbbg-historia\u00bb][vc_column_text css=\u00bb\u00bb text_align=\u00bbleft\u00bb font_size=\u00bb16px\u00bb color=\u00bbpalette-4629&#8243;]<span style=\"font-weight: 400;\">Con el tiempo, y despu\u00e9s de escuchar qu\u00e9 gustaba m\u00e1s a nuestros clientes, decidimos especializarnos en un producto que estimemos especialmente: <\/span><b>las magdalenas<\/b><span style=\"font-weight: 400;\">. As\u00ed naci\u00f3 <\/span><b>Can Magdaleno<\/b><span style=\"font-weight: 400;\">, un proyecto paralelo con una identidad propia, que ya hace <\/span><b>tres a\u00f1os<\/b><span style=\"font-weight: 400;\"> que endulza el d\u00eda a d\u00eda de muchas personas. Nuestras magdalenas son artesanas, esponjosas, hechos con ingredientes de calidad y con mucha cura en cada detalle. Es, sin duda, nuestra especialidad.<\/span>[\/vc_column_text][\/vc_column][vc_column parallax=\u00bbcontent-moving\u00bb parallax_image=\u00bb5428&#8243; width=\u00bb1\/2&#8243; min_height=\u00bb450px\u00bb][\/vc_column][\/vc_row][vc_row content_placement=\u00bbmiddle\u00bb equal_height=\u00bbyes\u00bb remove_bottom_col_margin=\u00bbtrue\u00bb max_width_custom=\u00bb1400px\u00bb][vc_column width=\u00bb1\/2&#8243; el_class=\u00bbbg-historia\u00bb][vc_column_text css=\u00bb\u00bb text_align=\u00bbleft\u00bb font_size=\u00bb16px\u00bb color=\u00bbpalette-4629&#8243;]<span style=\"font-weight: 400;\">Adem\u00e1s, para hacer m\u00e1s f\u00e1cil disfrutar de nuestros sabores en cualquier momento y lugar, tambi\u00e9n ofrecemos una selecci\u00f3n de <\/span><b>productos envasados<\/b><span style=\"font-weight: 400;\">, ideales para llevarse o tener en casa y consumir cuando apetezca, sin renunciar a la calidad ni a la autenticidad.<\/span><\/p>\n<p><span style=\"font-weight: 400;\">Nuestro recorrido empez\u00f3 en Vilassar de Mar <\/span><b><\/b><span style=\"font-weight: 400;\">, y m\u00e1s adelante abrimos establecimientos en <\/span><b>Matar\u00f3<\/b><span style=\"font-weight: 400;\"> y <\/span><b>Granollers<\/b><span style=\"font-weight: 400;\">. Actualmente, nos encontrar\u00e9is en <\/span><b>Barcelona ciudad<\/b><span style=\"font-weight: 400;\">, a nuestro local del centro situado a la <\/span><b>Gran V\u00eda<\/b><span style=\"font-weight: 400;\">.<\/span>[\/vc_column_text][\/vc_column][vc_column parallax=\u00bbcontent-moving\u00bb parallax_image=\u00bb5432&#8243; width=\u00bb1\/2&#8243; min_height=\u00bb450px\u00bb][\/vc_column][\/vc_row][vc_row remove_bottom_col_margin=\u00bbtrue\u00bb css=\u00bb.vc_custom_1752571755140{padding-top: 80px !important;}\u00bb][vc_column]<style>.vcex-heading.vcex_69e00f20587ea{width:900px;font-size:34px;font-weight:300;}<\/style><h3 class=\"vcex-heading vcex-heading-plain vcex-module wpex-heading wpex-text-2xl wpex-text-center wpex-max-w-100 wpex-mx-auto vcex_69e00f20587ea\"><span class=\"vcex-heading-inner wpex-inline-block\">\"Somos una empresa con ra\u00edces profundas y una clara vocaci\u00f3n de evoluci\u00f3n, que apuesta por la <strong>calidad<\/strong>, la <strong>proximidad<\/strong> y el <strong>respeto por el producto artesano<\/strong>.\"<\/span><\/h3>[\/vc_column][\/vc_row][\/vc_section][vc_row remove_bottom_col_margin=\u00bbtrue\u00bb][vc_column]<div class=\"templatera_shortcode\"><style type=\"text\/css\" data-type=\"vc_shortcodes-custom-css\">.vc_custom_1752053599205{padding-top: 50px !important;padding-bottom: 50px !important;background-image: url(https:\/\/canbargallo.com\/wp-content\/uploads\/2025\/07\/bg-cta-v4-1.jpg?id=5382) !important;background-position: center !important;background-repeat: no-repeat !important;background-size: cover !important;}.vc_custom_1752053678636{padding-top: 50px !important;padding-bottom: 50px !important;background-image: url(https:\/\/canbargallo.com\/wp-content\/uploads\/2025\/07\/bg-cta-v4-1.jpg?id=5382) !important;background-position: center !important;background-repeat: no-repeat !important;background-size: cover !important;}.vc_custom_1756721795490{padding-top: 0px !important;}.vc_custom_1756721838031{padding-top: 0px !important;}<\/style><div class=\"vc_row wpb_row vc_row-fluid vc_custom_1752053599205 vc_row-o-content-middle vc_row-flex wpex-vc-full-width-row wpex-vc-full-width-row--centered wpex-relative wpex-vc_row-has-fill hidden-phone no-bottom-margins wpex-vc-reset-negative-margin\"><div class=\"wpb_column vc_column_container vc_col-sm-9\"><div class=\"vc_column-inner\"><div class=\"wpb_wrapper\"><style>.vcex-heading.vcex_69e00f205e1a4{font-size:40px;font-family:Aberration;font-weight:400;text-transform:uppercase;letter-spacing:1px;}<\/style><h2 class=\"vcex-heading vcex-heading-plain vcex-module wpex-heading wpex-text-2xl wpex-mb-10 wpex-text-left vcex_69e00f205e1a4\"><span class=\"vcex-heading-inner wpex-inline-block\">Contacta con nosotros<\/span><\/h2>\n\t<div style=\"font-size:18px;font-weight:300;text-align:start;\" class=\"wpb_text_column wpb_content_element vc_custom_1756721795490\" >\n\t\t<div class=\"wpb_wrapper\">\n\t\t\t<p>Para cualquier consulta o encargo, restamos a su disposici\u00f3n.<\/p>\n\n\t\t<\/div>\n\t<\/div>\n<\/div><\/div><\/div><div class=\"wpb_column vc_column_container vc_col-sm-3\"><div class=\"vc_column-inner\"><div class=\"wpb_wrapper\"><style>.vcex-button.vcex_69e00f2062038{font-size:16px;font-weight:400;}<\/style><a href=\"\/es\/contacto\/\" class=\"vcex-button theme-button align-right inline vcex_69e00f2062038\" title=\"Contactar\"><span class=\"vcex-button-inner theme-button-inner wpex-flex wpex-flex-wrap wpex-items-center wpex-justify-center\">Contactar<span class=\"vcex-button-icon vcex-icon-wrap theme-button-icon-right\"><span class=\"wpex-icon wpex-icon--bidi\" aria-hidden=\"true\"><svg xmlns=\"http:\/\/www.w3.org\/2000\/svg\" viewBox=\"0 0 320 512\"><path d=\"M278.6 233.4c12.5 12.5 12.5 32.8 0 45.3l-160 160c-12.5 12.5-32.8 12.5-45.3 0s-12.5-32.8 0-45.3L210.7 256 73.4 118.6c-12.5-12.5-12.5-32.8 0-45.3s32.8-12.5 45.3 0l160 160z\"\/><\/svg><\/span><\/span><\/span><\/a> <\/div><\/div><\/div><\/div><div class=\"vc_row wpb_row vc_row-fluid vc_custom_1752053678636 vc_row-o-content-middle vc_row-flex wpex-vc-full-width-row wpex-vc-full-width-row--centered wpex-relative wpex-vc_row-has-fill visible-phone no-bottom-margins tablet-fullwidth-columns wpex-vc-reset-negative-margin\"><div class=\"wpb_column vc_column_container vc_col-sm-12\"><div class=\"vc_column-inner\"><div class=\"wpb_wrapper\"><style>.vcex-heading.vcex_69e00f2063e03{font-size:40px;font-family:Aberration;font-weight:400;text-transform:uppercase;letter-spacing:1px;}<\/style><h2 class=\"vcex-heading vcex-heading-plain vcex-module wpex-heading wpex-text-2xl wpex-mb-10 wpex-text-left vcex_69e00f2063e03\"><span class=\"vcex-heading-inner wpex-inline-block\">Contacta con nosotros<\/span><\/h2>\n\t<div style=\"font-size:18px;font-weight:300;text-align:start;\" class=\"wpb_text_column wpb_content_element vc_custom_1756721838031\" >\n\t\t<div class=\"wpb_wrapper\">\n\t\t\t<p>Para cualquier consulta o encargo, restamos a su disposici\u00f3n.<\/p>\n\n\t\t<\/div>\n\t<\/div>\n<style>.vcex-button.vcex_69e00f2065607{margin-block-start:30px;font-size:16px;font-weight:400;}<\/style><a href=\"\/es\/contacto\/\" class=\"vcex-button theme-button align-left inline vcex_69e00f2065607\" title=\"Contactar\"><span class=\"vcex-button-inner theme-button-inner wpex-flex wpex-flex-wrap wpex-items-center wpex-justify-center\">Contactar<span class=\"vcex-button-icon vcex-icon-wrap theme-button-icon-right\"><span class=\"wpex-icon wpex-icon--bidi\" aria-hidden=\"true\"><svg xmlns=\"http:\/\/www.w3.org\/2000\/svg\" viewBox=\"0 0 320 512\"><path d=\"M278.6 233.4c12.5 12.5 12.5 32.8 0 45.3l-160 160c-12.5 12.5-32.8 12.5-45.3 0s-12.5-32.8 0-45.3L210.7 256 73.4 118.6c-12.5-12.5-12.5-32.8 0-45.3s32.8-12.5 45.3 0l160 160z\"\/><\/svg><\/span><\/span><\/span><\/a> <\/div><\/div><\/div><\/div><\/div>[\/vc_column][\/vc_row]\n<\/div>","protected":false},"excerpt":{"rendered":"Tradici\u00f3n, calidad y evoluci\u00f3n constante. El 4 de noviembre de 2012 abrimos las puertas de Can Bargall\u00f3, con una propuesta sencilla basada en productos b\u00e1sicos de panader\u00eda y pasteler\u00eda. Con los a\u00f1os, gracias a la escucha activa de nuestros clientes y a la experiencia acumulada, fuimos adaptando la oferta a sus preferencias. La llegada de&hellip;","protected":false},"author":1,"featured_media":0,"parent":0,"menu_order":0,"comment_status":"closed","ping_status":"closed","template":"","meta":{"footnotes":""},"class_list":["post-5542","page","type-page","status-publish","hentry","entry","no-media"],"yoast_head":"<!-- This site is optimized with the Yoast SEO plugin v25.6 - https:\/\/yoast.com\/wordpress\/plugins\/seo\/ -->\n<title>Historia - Can Bargall\u00f3<\/title>\n<meta name=\"robots\" content=\"index, follow, max-snippet:-1, max-image-preview:large, max-video-preview:-1\" \/>\n<link rel=\"canonical\" href=\"https:\/\/canbargallo.com\/es\/historia\/\" \/>\n<meta property=\"og:locale\" content=\"es_ES\" \/>\n<meta property=\"og:type\" content=\"article\" \/>\n<meta property=\"og:title\" content=\"Historia - Can Bargall\u00f3\" \/>\n<meta property=\"og:url\" content=\"https:\/\/canbargallo.com\/es\/historia\/\" \/>\n<meta property=\"og:site_name\" content=\"Can Bargall\u00f3\" \/>\n<meta property=\"article:modified_time\" content=\"2025-09-01T10:24:28+00:00\" \/>\n<meta name=\"twitter:card\" content=\"summary_large_image\" \/>\n<meta name=\"twitter:label1\" content=\"Tiempo de lectura\" \/>\n\t<meta name=\"twitter:data1\" content=\"4 minutos\" \/>\n<script type=\"application\/ld+json\" class=\"yoast-schema-graph\">{\"@context\":\"https:\/\/schema.org\",\"@graph\":[{\"@type\":\"WebPage\",\"@id\":\"https:\/\/canbargallo.com\/es\/historia\/\",\"url\":\"https:\/\/canbargallo.com\/es\/historia\/\",\"name\":\"Historia - Can Bargall\u00f3\",\"isPartOf\":{\"@id\":\"https:\/\/canbargallo.com\/#website\"},\"datePublished\":\"2025-07-07T10:32:39+00:00\",\"dateModified\":\"2025-09-01T10:24:28+00:00\",\"breadcrumb\":{\"@id\":\"https:\/\/canbargallo.com\/es\/historia\/#breadcrumb\"},\"inLanguage\":\"es\",\"potentialAction\":[{\"@type\":\"ReadAction\",\"target\":[\"https:\/\/canbargallo.com\/es\/historia\/\"]}]},{\"@type\":\"BreadcrumbList\",\"@id\":\"https:\/\/canbargallo.com\/es\/historia\/#breadcrumb\",\"itemListElement\":[{\"@type\":\"ListItem\",\"position\":1,\"name\":\"Home\",\"item\":\"https:\/\/canbargallo.com\/es\/home-2\/\"},{\"@type\":\"ListItem\",\"position\":2,\"name\":\"Historia\"}]},{\"@type\":\"WebSite\",\"@id\":\"https:\/\/canbargallo.com\/#website\",\"url\":\"https:\/\/canbargallo.com\/\",\"name\":\"Can Bargall\u00f3\",\"description\":\"Les millors magdalenes de Barcelona\",\"potentialAction\":[{\"@type\":\"SearchAction\",\"target\":{\"@type\":\"EntryPoint\",\"urlTemplate\":\"https:\/\/canbargallo.com\/?s={search_term_string}\"},\"query-input\":{\"@type\":\"PropertyValueSpecification\",\"valueRequired\":true,\"valueName\":\"search_term_string\"}}],\"inLanguage\":\"es\"}]}<\/script>\n<!-- \/ Yoast SEO plugin. -->","yoast_head_json":{"title":"Historia - Can Bargall\u00f3","robots":{"index":"index","follow":"follow","max-snippet":"max-snippet:-1","max-image-preview":"max-image-preview:large","max-video-preview":"max-video-preview:-1"},"canonical":"https:\/\/canbargallo.com\/es\/historia\/","og_locale":"es_ES","og_type":"article","og_title":"Historia - Can Bargall\u00f3","og_url":"https:\/\/canbargallo.com\/es\/historia\/","og_site_name":"Can Bargall\u00f3","article_modified_time":"2025-09-01T10:24:28+00:00","twitter_card":"summary_large_image","twitter_misc":{"Tiempo de lectura":"4 minutos"},"schema":{"@context":"https:\/\/schema.org","@graph":[{"@type":"WebPage","@id":"https:\/\/canbargallo.com\/es\/historia\/","url":"https:\/\/canbargallo.com\/es\/historia\/","name":"Historia - Can Bargall\u00f3","isPartOf":{"@id":"https:\/\/canbargallo.com\/#website"},"datePublished":"2025-07-07T10:32:39+00:00","dateModified":"2025-09-01T10:24:28+00:00","breadcrumb":{"@id":"https:\/\/canbargallo.com\/es\/historia\/#breadcrumb"},"inLanguage":"es","potentialAction":[{"@type":"ReadAction","target":["https:\/\/canbargallo.com\/es\/historia\/"]}]},{"@type":"BreadcrumbList","@id":"https:\/\/canbargallo.com\/es\/historia\/#breadcrumb","itemListElement":[{"@type":"ListItem","position":1,"name":"Home","item":"https:\/\/canbargallo.com\/es\/home-2\/"},{"@type":"ListItem","position":2,"name":"Historia"}]},{"@type":"WebSite","@id":"https:\/\/canbargallo.com\/#website","url":"https:\/\/canbargallo.com\/","name":"Can Bargall\u00f3","description":"Les millors magdalenes de Barcelona","potentialAction":[{"@type":"SearchAction","target":{"@type":"EntryPoint","urlTemplate":"https:\/\/canbargallo.com\/?s={search_term_string}"},"query-input":{"@type":"PropertyValueSpecification","valueRequired":true,"valueName":"search_term_string"}}],"inLanguage":"es"}]}},"_links":{"self":[{"href":"https:\/\/canbargallo.com\/es\/wp-json\/wp\/v2\/pages\/5542","targetHints":{"allow":["GET"]}}],"collection":[{"href":"https:\/\/canbargallo.com\/es\/wp-json\/wp\/v2\/pages"}],"about":[{"href":"https:\/\/canbargallo.com\/es\/wp-json\/wp\/v2\/types\/page"}],"author":[{"embeddable":true,"href":"https:\/\/canbargallo.com\/es\/wp-json\/wp\/v2\/users\/1"}],"replies":[{"embeddable":true,"href":"https:\/\/canbargallo.com\/es\/wp-json\/wp\/v2\/comments?post=5542"}],"version-history":[{"count":2,"href":"https:\/\/canbargallo.com\/es\/wp-json\/wp\/v2\/pages\/5542\/revisions"}],"predecessor-version":[{"id":5554,"href":"https:\/\/canbargallo.com\/es\/wp-json\/wp\/v2\/pages\/5542\/revisions\/5554"}],"wp:attachment":[{"href":"https:\/\/canbargallo.com\/es\/wp-json\/wp\/v2\/media?parent=5542"}],"curies":[{"name":"wp","href":"https:\/\/api.w.org\/{rel}","templated":true}]}}